{"id":707,"date":"2020-10-23T10:33:51","date_gmt":"2020-10-23T09:33:51","guid":{"rendered":"http:\/\/miligram10.miligram.pt\/feito-para-si\/"},"modified":"2024-02-06T16:04:38","modified_gmt":"2024-02-06T15:04:38","slug":"feito-para-si","status":"publish","type":"page","link":"https:\/\/douroexclusive.com\/pt-pt\/feito-para-si\/","title":{"rendered":"Experi\u00eancia Personalizadas"},"content":{"rendered":"\t\t<div data-elementor-type=\"wp-page\" data-elementor-id=\"707\" class=\"elementor elementor-707 elementor-25\" data-elementor-post-type=\"page\">\n\t\t\t\t\t\t<section class=\"elementor-section elementor-top-section elementor-element elementor-element-1ce23cd8 elementor-section-full_width elementor-section-height-full elementor-section-height-default elementor-section-items-middle\" data-id=\"1ce23cd8\" data-element_type=\"section\" data-e-type=\"section\" data-settings=\"{&quot;background_background&quot;:&quot;classic&quot;}\">\n\t\t\t\t\t\t<div class=\"elementor-container elementor-column-gap-no\">\n\t\t\t\t\t<div class=\"elementor-column elementor-col-100 elementor-top-column elementor-element elementor-element-3e71d3e6\" data-id=\"3e71d3e6\" data-element_type=\"column\" data-e-type=\"column\">\n\t\t\t<div class=\"elementor-widget-wrap elementor-element-populated\">\n\t\t\t\t\t\t<section class=\"elementor-section elementor-inner-section elementor-element elementor-element-4945b2be elementor-section-full_width elementor-section-height-default elementor-section-height-default\" data-id=\"4945b2be\" data-element_type=\"section\" data-e-type=\"section\">\n\t\t\t\t\t\t<div class=\"elementor-container elementor-column-gap-default\">\n\t\t\t\t\t<div class=\"elementor-column elementor-col-50 elementor-inner-column elementor-element elementor-element-69da766 elementor-hidden-tablet elementor-hidden-phone\" data-id=\"69da766\" data-element_type=\"column\" data-e-type=\"column\">\n\t\t\t<div class=\"elementor-widget-wrap\">\n\t\t\t\t\t\t\t<\/div>\n\t\t<\/div>\n\t\t\t\t<div class=\"elementor-column elementor-col-50 elementor-inner-column elementor-element elementor-element-45e1cf57\" data-id=\"45e1cf57\" data-element_type=\"column\" data-e-type=\"column\">\n\t\t\t<div class=\"elementor-widget-wrap elementor-element-populated\">\n\t\t\t\t\t\t<div class=\"elementor-element elementor-element-7658b20 animated-slow elementor-invisible elementor-widget elementor-widget-heading\" data-id=\"7658b20\" data-element_type=\"widget\" data-e-type=\"widget\" data-settings=\"{&quot;_animation&quot;:&quot;fadeInRight&quot;}\" data-widget_type=\"heading.default\">\n\t\t\t\t<div class=\"elementor-widget-container\">\n\t\t\t\t\t<h2 class=\"elementor-heading-title elementor-size-default\">Experi\u00eancia Personalizadas<\/h2>\t\t\t\t<\/div>\n\t\t\t\t<\/div>\n\t\t\t\t<div class=\"elementor-element elementor-element-7cf12527 animated-slow elementor-invisible elementor-widget elementor-widget-text-editor\" data-id=\"7cf12527\" data-element_type=\"widget\" data-e-type=\"widget\" data-settings=\"{&quot;_animation&quot;:&quot;fadeIn&quot;,&quot;_animation_delay&quot;:1000}\" data-widget_type=\"text-editor.default\">\n\t\t\t\t<div class=\"elementor-widget-container\">\n\t\t\t\t\t\t\t\t\t<p>Ao longo de uma d\u00e9cada a satisfazer as expectativas e desejos dos clientes mais exigentes, assentes em rela\u00e7\u00f5es absolutamente privilegiadas no Vale do Douro, estamos, mais do que nunca, preparados para criar e desenhar \u201cAQUELE\u201d dia especial e exclusivo que tanto sonhou!<\/p>\n\t\t\t\t\t\t\t\t<\/div>\n\t\t\t\t<\/div>\n\t\t\t\t\t<\/div>\n\t\t<\/div>\n\t\t\t\t\t<\/div>\n\t\t<\/section>\n\t\t\t\t\t<\/div>\n\t\t<\/div>\n\t\t\t\t\t<\/div>\n\t\t<\/section>\n\t\t\t\t<section class=\"elementor-section elementor-top-section elementor-element elementor-element-4a23e3c0 elementor-section-full_width elementor-section-height-default elementor-section-height-default\" data-id=\"4a23e3c0\" data-element_type=\"section\" data-e-type=\"section\">\n\t\t\t\t\t\t<div class=\"elementor-container elementor-column-gap-no\">\n\t\t\t\t\t<div class=\"elementor-column elementor-col-100 elementor-top-column elementor-element elementor-element-34490bcc\" data-id=\"34490bcc\" data-element_type=\"column\" data-e-type=\"column\">\n\t\t\t<div class=\"elementor-widget-wrap elementor-element-populated\">\n\t\t\t\t\t\t<section class=\"elementor-section elementor-inner-section elementor-element elementor-element-660191cd elementor-section-full_width elementor-reverse-mobile elementor-section-height-default elementor-section-height-default\" data-id=\"660191cd\" data-element_type=\"section\" data-e-type=\"section\">\n\t\t\t\t\t\t<div class=\"elementor-container elementor-column-gap-no\">\n\t\t\t\t\t<div class=\"elementor-column elementor-col-50 elementor-inner-column elementor-element elementor-element-6c7b2cf\" data-id=\"6c7b2cf\" data-element_type=\"column\" data-e-type=\"column\">\n\t\t\t<div class=\"elementor-widget-wrap elementor-element-populated\">\n\t\t\t\t\t\t<div class=\"elementor-element elementor-element-38ec780 lazy-figure elementor-widget__width-inherit elementor-widget elementor-widget-image\" data-id=\"38ec780\" data-element_type=\"widget\" data-e-type=\"widget\" data-settings=\"{&quot;motion_fx_motion_fx_scrolling&quot;:&quot;yes&quot;,&quot;motion_fx_range&quot;:&quot;viewport&quot;,&quot;motion_fx_devices&quot;:[&quot;desktop&quot;,&quot;tablet&quot;,&quot;mobile&quot;]}\" data-widget_type=\"image.default\">\n\t\t\t\t<div class=\"elementor-widget-container\">\n\t\t\t\t\t\t\t\t\t\t\t\t\t\t\t<img fetchpriority=\"high\" decoding=\"async\" width=\"1080\" height=\"943\" src=\"https:\/\/douroexclusive.com\/wp-content\/uploads\/2021\/06\/bespoken-experience.jpg\" class=\"attachment-full size-full wp-image-2136\" alt=\"\" srcset=\"https:\/\/douroexclusive.com\/wp-content\/uploads\/2021\/06\/bespoken-experience.jpg 1080w, https:\/\/douroexclusive.com\/wp-content\/uploads\/2021\/06\/bespoken-experience-300x262.jpg 300w, https:\/\/douroexclusive.com\/wp-content\/uploads\/2021\/06\/bespoken-experience-1024x894.jpg 1024w, https:\/\/douroexclusive.com\/wp-content\/uploads\/2021\/06\/bespoken-experience-768x671.jpg 768w, https:\/\/douroexclusive.com\/wp-content\/uploads\/2021\/06\/bespoken-experience-450x393.jpg 450w\" sizes=\"(max-width: 1080px) 100vw, 1080px\" \/>\t\t\t\t\t\t\t\t\t\t\t\t\t\t\t<\/div>\n\t\t\t\t<\/div>\n\t\t\t\t\t<\/div>\n\t\t<\/div>\n\t\t\t\t<div class=\"elementor-column elementor-col-50 elementor-inner-column elementor-element elementor-element-4db2ff34 column-background\" data-id=\"4db2ff34\" data-element_type=\"column\" data-e-type=\"column\">\n\t\t\t<div class=\"elementor-widget-wrap elementor-element-populated\">\n\t\t\t\t\t\t<div class=\"elementor-element elementor-element-fea76bc animated-slow elementor-invisible elementor-widget elementor-widget-text-editor\" data-id=\"fea76bc\" data-element_type=\"widget\" data-e-type=\"widget\" data-settings=\"{&quot;_animation&quot;:&quot;fadeInRight&quot;}\" data-widget_type=\"text-editor.default\">\n\t\t\t\t<div class=\"elementor-widget-container\">\n\t\t\t\t\t\t\t\t\t<p>Entre em contato para ajud\u00e1-lo a preparar um dos dias mais memor\u00e1veis da sua vida.<\/p>\n\t\t\t\t\t\t\t\t<\/div>\n\t\t\t\t<\/div>\n\t\t\t\t\t<\/div>\n\t\t<\/div>\n\t\t\t\t\t<\/div>\n\t\t<\/section>\n\t\t\t\t\t<\/div>\n\t\t<\/div>\n\t\t\t\t\t<\/div>\n\t\t<\/section>\n\t\t\t\t<section class=\"elementor-section elementor-top-section elementor-element elementor-element-43a6c64c elementor-section-boxed elementor-section-height-default elementor-section-height-default\" data-id=\"43a6c64c\" data-element_type=\"section\" data-e-type=\"section\">\n\t\t\t\t\t\t<div class=\"elementor-container elementor-column-gap-default\">\n\t\t\t\t\t<div class=\"elementor-column elementor-col-100 elementor-top-column elementor-element elementor-element-2794ce5\" data-id=\"2794ce5\" data-element_type=\"column\" data-e-type=\"column\">\n\t\t\t<div class=\"elementor-widget-wrap elementor-element-populated\">\n\t\t\t\t\t\t<div class=\"elementor-element elementor-element-3d891b54 elementor-widget elementor-widget-heading\" data-id=\"3d891b54\" data-element_type=\"widget\" data-e-type=\"widget\" data-widget_type=\"heading.default\">\n\t\t\t\t<div class=\"elementor-widget-container\">\n\t\t\t\t\t<h5 class=\"elementor-heading-title elementor-size-default\">Book now!<\/h5>\t\t\t\t<\/div>\n\t\t\t\t<\/div>\n\t\t\t\t<div class=\"elementor-element elementor-element-3bc19b51 elementor-widget elementor-widget-text-editor\" data-id=\"3bc19b51\" data-element_type=\"widget\" data-e-type=\"widget\" data-widget_type=\"text-editor.default\">\n\t\t\t\t<div class=\"elementor-widget-container\">\n\t\t\t\t\t\t\t\t\t<p>Verifique connosco a disponibilidade e os pre\u00e7os.<\/p>\n\t\t\t\t\t\t\t\t<\/div>\n\t\t\t\t<\/div>\n\t\t\t\t<div class=\"elementor-element elementor-element-1ed4ea8c elementor-button-align-stretch elementor-widget elementor-widget-form\" data-id=\"1ed4ea8c\" data-element_type=\"widget\" data-e-type=\"widget\" data-settings=\"{&quot;step_next_label&quot;:&quot;Next&quot;,&quot;step_previous_label&quot;:&quot;Previous&quot;,&quot;button_width&quot;:&quot;100&quot;,&quot;step_type&quot;:&quot;number_text&quot;,&quot;step_icon_shape&quot;:&quot;circle&quot;}\" data-widget_type=\"form.default\">\n\t\t\t\t<div class=\"elementor-widget-container\">\n\t\t\t\t\t\t\t<form class=\"elementor-form\" method=\"post\" name=\"New Form\">\n\t\t\t<input type=\"hidden\" name=\"post_id\" value=\"707\"\/>\n\t\t\t<input type=\"hidden\" name=\"form_id\" value=\"1ed4ea8c\"\/>\n\t\t\t<input type=\"hidden\" name=\"referer_title\" value=\"Experi\u00eancia Personalizadas\" \/>\n\n\t\t\t\t\t\t\t<input type=\"hidden\" name=\"queried_id\" value=\"707\"\/>\n\t\t\t\n\t\t\t<div class=\"elementor-form-fields-wrapper elementor-labels-\">\n\t\t\t\t\t\t\t\t<div class=\"elementor-field-type-text elementor-field-group elementor-column elementor-field-group-name elementor-col-100\">\n\t\t\t\t\t\t\t\t\t\t\t\t<label for=\"form-field-name\" class=\"elementor-field-label elementor-screen-only\">\n\t\t\t\t\t\t\t\tNome\t\t\t\t\t\t\t<\/label>\n\t\t\t\t\t\t\t\t\t\t\t\t\t\t<input size=\"1\" type=\"text\" name=\"form_fields[name]\" id=\"form-field-name\" class=\"elementor-field elementor-size-md  elementor-field-textual\" placeholder=\"Nome\">\n\t\t\t\t\t\t\t\t\t\t\t<\/div>\n\t\t\t\t\t\t\t\t<div class=\"elementor-field-type-text elementor-field-group elementor-column elementor-field-group-field_d2315ac elementor-col-100\">\n\t\t\t\t\t\t\t\t\t\t\t\t<label for=\"form-field-field_d2315ac\" class=\"elementor-field-label elementor-screen-only\">\n\t\t\t\t\t\t\t\tDetalhes de acomoda\u00e7\u00e3o\t\t\t\t\t\t\t<\/label>\n\t\t\t\t\t\t\t\t\t\t\t\t\t\t<input size=\"1\" type=\"text\" name=\"form_fields[field_d2315ac]\" id=\"form-field-field_d2315ac\" class=\"elementor-field elementor-size-md  elementor-field-textual\" placeholder=\"Detalhes de acomoda\u00e7\u00e3o\">\n\t\t\t\t\t\t\t\t\t\t\t<\/div>\n\t\t\t\t\t\t\t\t<div class=\"elementor-field-type-email elementor-field-group elementor-column elementor-field-group-email elementor-col-100 elementor-field-required\">\n\t\t\t\t\t\t\t\t\t\t\t\t<label for=\"form-field-email\" class=\"elementor-field-label elementor-screen-only\">\n\t\t\t\t\t\t\t\tEmail\t\t\t\t\t\t\t<\/label>\n\t\t\t\t\t\t\t\t\t\t\t\t\t\t<input size=\"1\" type=\"email\" name=\"form_fields[email]\" id=\"form-field-email\" class=\"elementor-field elementor-size-md  elementor-field-textual\" placeholder=\"Email\" required=\"required\">\n\t\t\t\t\t\t\t\t\t\t\t<\/div>\n\t\t\t\t\t\t\t\t<div class=\"elementor-field-type-tel elementor-field-group elementor-column elementor-field-group-field_03d166c elementor-col-50\">\n\t\t\t\t\t\t\t\t\t\t\t\t<label for=\"form-field-field_03d166c\" class=\"elementor-field-label elementor-screen-only\">\n\t\t\t\t\t\t\t\tTelefone\t\t\t\t\t\t\t<\/label>\n\t\t\t\t\t\t\t\t<input size=\"1\" type=\"tel\" name=\"form_fields[field_03d166c]\" id=\"form-field-field_03d166c\" class=\"elementor-field elementor-size-md  elementor-field-textual\" placeholder=\"Telefone\" pattern=\"[0-9()#&amp;+*-=.]+\" title=\"Only numbers and phone characters (#, -, *, etc) are accepted.\">\n\n\t\t\t\t\t\t<\/div>\n\t\t\t\t\t\t\t\t<div class=\"elementor-field-type-date elementor-field-group elementor-column elementor-field-group-field_d399dc0 elementor-col-50\">\n\t\t\t\t\t\t\t\t\t\t\t\t<label for=\"form-field-field_d399dc0\" class=\"elementor-field-label elementor-screen-only\">\n\t\t\t\t\t\t\t\tData\t\t\t\t\t\t\t<\/label>\n\t\t\t\t\t\t\n\t\t<input type=\"date\" name=\"form_fields[field_d399dc0]\" id=\"form-field-field_d399dc0\" class=\"elementor-field elementor-size-md  elementor-field-textual elementor-date-field\" placeholder=\"Data\" pattern=\"[0-9]{4}-[0-9]{2}-[0-9]{2}\">\n\t\t\t\t\t\t<\/div>\n\t\t\t\t\t\t\t\t<div class=\"elementor-field-type-textarea elementor-field-group elementor-column elementor-field-group-field_ad1cdaf elementor-col-100\">\n\t\t\t\t\t\t\t\t\t\t\t\t<label for=\"form-field-field_ad1cdaf\" class=\"elementor-field-label elementor-screen-only\">\n\t\t\t\t\t\t\t\tMesMensagemsage\t\t\t\t\t\t\t<\/label>\n\t\t\t\t\t\t<textarea class=\"elementor-field-textual elementor-field  elementor-size-md\" name=\"form_fields[field_ad1cdaf]\" id=\"form-field-field_ad1cdaf\" rows=\"4\" placeholder=\"Mensagem\"><\/textarea>\t\t\t\t<\/div>\n\t\t\t\t\t\t\t\t<div class=\"elementor-field-type-acceptance elementor-field-group elementor-column elementor-field-group-field_80ddc7f elementor-col-100 elementor-field-required\">\n\t\t\t\t\t\t\t\t\t\t\t\t<label for=\"form-field-field_80ddc7f\" class=\"elementor-field-label elementor-screen-only\">\n\t\t\t\t\t\t\t\tAcceptance\t\t\t\t\t\t\t<\/label>\n\t\t\t\t\t\t\t\t<div class=\"elementor-field-subgroup\">\n\t\t\t<span class=\"elementor-field-option\">\n\t\t\t\t<input type=\"checkbox\" name=\"form_fields[field_80ddc7f]\" id=\"form-field-field_80ddc7f\" class=\"elementor-field elementor-size-md  elementor-acceptance-field\" required=\"required\">\n\t\t\t\t<label for=\"form-field-field_80ddc7f\">Eu concordo com a pol\u00edtica de privacidade<\/label>\t\t\t<\/span>\n\t\t<\/div>\n\t\t\t\t\t\t<\/div>\n\t\t\t\t\t\t\t\t<div class=\"elementor-field-group elementor-column elementor-field-type-submit elementor-col-100 e-form__buttons\">\n\t\t\t\t\t<button class=\"elementor-button elementor-size-sm\" type=\"submit\">\n\t\t\t\t\t\t<span class=\"elementor-button-content-wrapper\">\n\t\t\t\t\t\t\t\t\t\t\t\t\t\t\t\t\t\t\t\t\t\t<span class=\"elementor-button-text\">Enviar<\/span>\n\t\t\t\t\t\t\t\t\t\t\t\t\t<\/span>\n\t\t\t\t\t<\/button>\n\t\t\t\t<\/div>\n\t\t\t<\/div>\n\t\t<\/form>\n\t\t\t\t\t\t<\/div>\n\t\t\t\t<\/div>\n\t\t\t\t\t<\/div>\n\t\t<\/div>\n\t\t\t\t\t<\/div>\n\t\t<\/section>\n\t\t\t\t<section class=\"elementor-section elementor-top-section elementor-element elementor-element-e4c26f0 elementor-section-boxed elementor-section-height-default elementor-section-height-default\" data-id=\"e4c26f0\" data-element_type=\"section\" data-e-type=\"section\">\n\t\t\t\t\t\t<div class=\"elementor-container elementor-column-gap-default\">\n\t\t\t\t\t<div class=\"elementor-column elementor-col-100 elementor-top-column elementor-element elementor-element-2f9b47d1\" data-id=\"2f9b47d1\" data-element_type=\"column\" data-e-type=\"column\">\n\t\t\t<div class=\"elementor-widget-wrap elementor-element-populated\">\n\t\t\t\t\t\t<div class=\"elementor-element elementor-element-4c0e4b8a elementor-widget elementor-widget-text-editor\" data-id=\"4c0e4b8a\" data-element_type=\"widget\" data-e-type=\"widget\" data-widget_type=\"text-editor.default\">\n\t\t\t\t<div class=\"elementor-widget-container\">\n\t\t\t\t\t\t\t\t\t<p><strong> The Douro Bespoken Experience by Douro Exclusive <\/strong><\/p>\n<p>Pre\u00e7o sob consulta<\/p>\n<p><strong> Pol\u00edtica de reserva e cancelamento: <\/strong><\/p>\n<ul>\n<li>\u00c9 necess\u00e1rio um m\u00ednimo de 2 pessoas para realizar nossas Experi\u00eancias;<\/li>\n<li>Caso n\u00e3o tenhamos mais de 2 pessoas para as Experi\u00eancias de Grupo no dia, ser\u00e1 aplicada uma taxa extra de 50\u20ac por pessoa;<\/li>\n<li>Cancelamento com at\u00e9 uma semana de anteced\u00eancia ser\u00e1 cobrado 50% do valor total;<\/li>\n<li>Cancelamento no dia da Experi\u00eancia ser\u00e1 cobrado 100% do valor total;<\/li>\n<li>Crian\u00e7as menores de 2 anos n\u00e3o pagam; Entre 3 e 12 anos pagam 50% da Experi\u00eancia;<\/li>\n<\/ul>\n\t\t\t\t\t\t\t\t<\/div>\n\t\t\t\t<\/div>\n\t\t\t\t\t<\/div>\n\t\t<\/div>\n\t\t\t\t\t<\/div>\n\t\t<\/section>\n\t\t\t\t<\/div>\n\t\t","protected":false},"excerpt":{"rendered":"<p>Ao longo de uma d\u00e9cada a satisfazer as expectativas e desejos dos clientes mais exigentes, assentes em rela\u00e7\u00f5es absolutamente privilegiadas no Vale do Douro, estamos, mais do que nunca, preparados para criar e desenhar \u201cAQUELE\u201d dia especial e exclusivo que tanto sonhou! Entre em contato para ajud\u00e1-lo a preparar um dos dias mais memor\u00e1veis da &hellip; <\/p>\n<p class=\"link-more\"><a href=\"https:\/\/douroexclusive.com\/pt-pt\/feito-para-si\/\" class=\"more-link\">Continue reading<span class=\"screen-reader-text\"> &#8220;Experi\u00eancia Personalizadas&#8221;<\/span><\/a><\/p>\n","protected":false},"author":1,"featured_media":0,"parent":0,"menu_order":0,"comment_status":"closed","ping_status":"closed","template":"elementor_header_footer","meta":{"footnotes":""},"class_list":["post-707","page","type-page","status-publish","hentry","entry"],"_links":{"self":[{"href":"https:\/\/douroexclusive.com\/pt-pt\/wp-json\/wp\/v2\/pages\/707","targetHints":{"allow":["GET"]}}],"collection":[{"href":"https:\/\/douroexclusive.com\/pt-pt\/wp-json\/wp\/v2\/pages"}],"about":[{"href":"https:\/\/douroexclusive.com\/pt-pt\/wp-json\/wp\/v2\/types\/page"}],"author":[{"embeddable":true,"href":"https:\/\/douroexclusive.com\/pt-pt\/wp-json\/wp\/v2\/users\/1"}],"replies":[{"embeddable":true,"href":"https:\/\/douroexclusive.com\/pt-pt\/wp-json\/wp\/v2\/comments?post=707"}],"version-history":[{"count":8,"href":"https:\/\/douroexclusive.com\/pt-pt\/wp-json\/wp\/v2\/pages\/707\/revisions"}],"predecessor-version":[{"id":2789,"href":"https:\/\/douroexclusive.com\/pt-pt\/wp-json\/wp\/v2\/pages\/707\/revisions\/2789"}],"wp:attachment":[{"href":"https:\/\/douroexclusive.com\/pt-pt\/wp-json\/wp\/v2\/media?parent=707"}],"curies":[{"name":"wp","href":"https:\/\/api.w.org\/{rel}","templated":true}]}}