{"id":694,"date":"2020-10-23T09:50:23","date_gmt":"2020-10-23T08:50:23","guid":{"rendered":"http:\/\/miligram10.miligram.pt\/historia\/"},"modified":"2024-02-06T15:55:48","modified_gmt":"2024-02-06T14:55:48","slug":"historia","status":"publish","type":"page","link":"https:\/\/douroexclusive.com\/pt-pt\/historia\/","title":{"rendered":"Hist\u00f3ria"},"content":{"rendered":"\t\t<div data-elementor-type=\"wp-page\" data-elementor-id=\"694\" class=\"elementor elementor-694 elementor-190\" data-elementor-post-type=\"page\">\n\t\t\t\t\t\t<section class=\"elementor-section elementor-top-section elementor-element elementor-element-ead9398 elementor-section-full_width elementor-section-height-full elementor-section-height-default elementor-section-items-middle\" data-id=\"ead9398\" data-element_type=\"section\" data-e-type=\"section\" data-settings=\"{&quot;background_background&quot;:&quot;classic&quot;}\">\n\t\t\t\t\t\t<div class=\"elementor-container elementor-column-gap-no\">\n\t\t\t\t\t<div class=\"elementor-column elementor-col-100 elementor-top-column elementor-element elementor-element-d402370\" data-id=\"d402370\" data-element_type=\"column\" data-e-type=\"column\">\n\t\t\t<div class=\"elementor-widget-wrap elementor-element-populated\">\n\t\t\t\t\t\t<section class=\"elementor-section elementor-inner-section elementor-element elementor-element-0173fa9 elementor-section-full_width elementor-section-height-default elementor-section-height-default\" data-id=\"0173fa9\" data-element_type=\"section\" data-e-type=\"section\">\n\t\t\t\t\t\t<div class=\"elementor-container elementor-column-gap-default\">\n\t\t\t\t\t<div class=\"elementor-column elementor-col-50 elementor-inner-column elementor-element elementor-element-1dbb133 elementor-hidden-tablet elementor-hidden-phone\" data-id=\"1dbb133\" data-element_type=\"column\" data-e-type=\"column\">\n\t\t\t<div class=\"elementor-widget-wrap\">\n\t\t\t\t\t\t\t<\/div>\n\t\t<\/div>\n\t\t\t\t<div class=\"elementor-column elementor-col-50 elementor-inner-column elementor-element elementor-element-8647b6a\" data-id=\"8647b6a\" data-element_type=\"column\" data-e-type=\"column\">\n\t\t\t<div class=\"elementor-widget-wrap elementor-element-populated\">\n\t\t\t\t\t\t<div class=\"elementor-element elementor-element-7dc99be animated-slow elementor-invisible elementor-widget elementor-widget-theme-post-title elementor-page-title elementor-widget-heading\" data-id=\"7dc99be\" data-element_type=\"widget\" data-e-type=\"widget\" data-settings=\"{&quot;_animation&quot;:&quot;fadeInRight&quot;}\" data-widget_type=\"theme-post-title.default\">\n\t\t\t\t<div class=\"elementor-widget-container\">\n\t\t\t\t\t<h1 class=\"elementor-heading-title elementor-size-default\">Hist\u00f3ria<\/h1>\t\t\t\t<\/div>\n\t\t\t\t<\/div>\n\t\t\t\t<div class=\"elementor-element elementor-element-2ababf4 animated-slow elementor-invisible elementor-widget elementor-widget-text-editor\" data-id=\"2ababf4\" data-element_type=\"widget\" data-e-type=\"widget\" data-settings=\"{&quot;_animation&quot;:&quot;fadeIn&quot;,&quot;_animation_delay&quot;:1000}\" data-widget_type=\"text-editor.default\">\n\t\t\t\t<div class=\"elementor-widget-container\">\n\t\t\t\t\t\t\t\t\t<p>A Douro Exclusive foi fundada no in\u00edcio de 2012 ap\u00f3s um estudo cuidadoso e uma profunda preocupa\u00e7\u00e3o com os servi\u00e7os tur\u00edsticos na Regi\u00e3o do Alto Douro Vinhateiro.<br \/>\nPercebendo a enorme curiosidade e interesse que os visitantes demonstravam pelo Vale do Douro, aproveitamos para criar as mais belas Experi\u00eancias v\u00ednicas para descobrir o &#8220;nosso&#8221; Vale do Douro.<br \/>\nMarcamos a diferen\u00e7a para qualquer outro operador porque mostramos a nossa verdadeira paix\u00e3o: este projeto n\u00e3o \u00e9 apenas uma jornada pessoal, mas a realiza\u00e7\u00e3o de um sonho de uma vida.<\/p>\n\t\t\t\t\t\t\t\t<\/div>\n\t\t\t\t<\/div>\n\t\t\t\t\t<\/div>\n\t\t<\/div>\n\t\t\t\t\t<\/div>\n\t\t<\/section>\n\t\t\t\t\t<\/div>\n\t\t<\/div>\n\t\t\t\t\t<\/div>\n\t\t<\/section>\n\t\t\t\t<section class=\"elementor-section elementor-top-section elementor-element elementor-element-95cd9e3 elementor-section-full_width elementor-section-height-default elementor-section-height-default\" data-id=\"95cd9e3\" data-element_type=\"section\" data-e-type=\"section\">\n\t\t\t\t\t\t<div class=\"elementor-container elementor-column-gap-no\">\n\t\t\t\t\t<div class=\"elementor-column elementor-col-100 elementor-top-column elementor-element elementor-element-b863faf\" data-id=\"b863faf\" data-element_type=\"column\" data-e-type=\"column\">\n\t\t\t<div class=\"elementor-widget-wrap elementor-element-populated\">\n\t\t\t\t\t\t<section class=\"elementor-section elementor-inner-section elementor-element elementor-element-0f28bea elementor-section-full_width elementor-reverse-mobile elementor-section-height-default elementor-section-height-default\" data-id=\"0f28bea\" data-element_type=\"section\" data-e-type=\"section\">\n\t\t\t\t\t\t<div class=\"elementor-container elementor-column-gap-no\">\n\t\t\t\t\t<div class=\"elementor-column elementor-col-50 elementor-inner-column elementor-element elementor-element-b9a16e7\" data-id=\"b9a16e7\" data-element_type=\"column\" data-e-type=\"column\">\n\t\t\t<div class=\"elementor-widget-wrap elementor-element-populated\">\n\t\t\t\t\t\t<div class=\"elementor-element elementor-element-b0ce6f0 lazy-figure elementor-widget__width-inherit elementor-widget elementor-widget-image\" data-id=\"b0ce6f0\" data-element_type=\"widget\" data-e-type=\"widget\" data-settings=\"{&quot;motion_fx_motion_fx_scrolling&quot;:&quot;yes&quot;,&quot;motion_fx_range&quot;:&quot;viewport&quot;,&quot;motion_fx_devices&quot;:[&quot;desktop&quot;,&quot;tablet&quot;,&quot;mobile&quot;]}\" data-widget_type=\"image.default\">\n\t\t\t\t<div class=\"elementor-widget-container\">\n\t\t\t\t\t\t\t\t\t\t\t\t\t\t\t<img fetchpriority=\"high\" decoding=\"async\" width=\"1080\" height=\"943\" src=\"https:\/\/douroexclusive.com\/wp-content\/uploads\/2020\/07\/douro-exclusive.jpg\" class=\"attachment-full size-full wp-image-157\" alt=\"\" srcset=\"https:\/\/douroexclusive.com\/wp-content\/uploads\/2020\/07\/douro-exclusive.jpg 1080w, https:\/\/douroexclusive.com\/wp-content\/uploads\/2020\/07\/douro-exclusive-300x262.jpg 300w, https:\/\/douroexclusive.com\/wp-content\/uploads\/2020\/07\/douro-exclusive-450x393.jpg 450w, https:\/\/douroexclusive.com\/wp-content\/uploads\/2020\/07\/douro-exclusive-1024x894.jpg 1024w, https:\/\/douroexclusive.com\/wp-content\/uploads\/2020\/07\/douro-exclusive-768x671.jpg 768w\" sizes=\"(max-width: 1080px) 100vw, 1080px\" \/>\t\t\t\t\t\t\t\t\t\t\t\t\t\t\t<\/div>\n\t\t\t\t<\/div>\n\t\t\t\t\t<\/div>\n\t\t<\/div>\n\t\t\t\t<div class=\"elementor-column elementor-col-50 elementor-inner-column elementor-element elementor-element-8af367d column-background\" data-id=\"8af367d\" data-element_type=\"column\" data-e-type=\"column\">\n\t\t\t<div class=\"elementor-widget-wrap elementor-element-populated\">\n\t\t\t\t\t\t<div class=\"elementor-element elementor-element-d92d658 animated-slow elementor-invisible elementor-widget elementor-widget-text-editor\" data-id=\"d92d658\" data-element_type=\"widget\" data-e-type=\"widget\" data-settings=\"{&quot;_animation&quot;:&quot;fadeInRight&quot;}\" data-widget_type=\"text-editor.default\">\n\t\t\t\t<div class=\"elementor-widget-container\">\n\t\t\t\t\t\t\t\t\t<p><span style=\"color: #000000;\">O aspecto emocional, as tradi\u00e7\u00f5es e o sentido de aventura, aliados a alguns dos elementos caracter\u00edsticos que identificam o Vale do Douro, foram os principais elementos eleitos para nortear todo o projeto.<\/span><\/p>\n<p><span style=\"color: #000000;\">Comprometidos em proporcionar um servi\u00e7o de excel\u00eancia e criando uma profunda liga\u00e7\u00e3o com quem nos visita, demos vida a conceito inovador e relevante na Regi\u00e3o Demarcada do Douro.<\/span><\/p>\n\t\t\t\t\t\t\t\t<\/div>\n\t\t\t\t<\/div>\n\t\t\t\t\t<\/div>\n\t\t<\/div>\n\t\t\t\t\t<\/div>\n\t\t<\/section>\n\t\t\t\t\t<\/div>\n\t\t<\/div>\n\t\t\t\t\t<\/div>\n\t\t<\/section>\n\t\t\t\t<section class=\"elementor-section elementor-top-section elementor-element elementor-element-5f2e0845 elementor-section-full_width elementor-section-height-default elementor-section-height-default\" data-id=\"5f2e0845\" data-element_type=\"section\" data-e-type=\"section\">\n\t\t\t\t\t\t<div class=\"elementor-container elementor-column-gap-no\">\n\t\t\t\t\t<div class=\"elementor-column elementor-col-100 elementor-top-column elementor-element elementor-element-6753d1eb\" data-id=\"6753d1eb\" data-element_type=\"column\" data-e-type=\"column\">\n\t\t\t<div class=\"elementor-widget-wrap elementor-element-populated\">\n\t\t\t\t\t\t<section class=\"elementor-section elementor-inner-section elementor-element elementor-element-2f6ed2ad elementor-section-full_width elementor-section-height-default elementor-section-height-default\" data-id=\"2f6ed2ad\" data-element_type=\"section\" data-e-type=\"section\">\n\t\t\t\t\t\t<div class=\"elementor-container elementor-column-gap-no\">\n\t\t\t\t\t<div class=\"elementor-column elementor-col-50 elementor-inner-column elementor-element elementor-element-6dbe06db column-background\" data-id=\"6dbe06db\" data-element_type=\"column\" data-e-type=\"column\">\n\t\t\t<div class=\"elementor-widget-wrap elementor-element-populated\">\n\t\t\t\t\t\t<div class=\"elementor-element elementor-element-f7d9289 animated-slow elementor-invisible elementor-widget elementor-widget-text-editor\" data-id=\"f7d9289\" data-element_type=\"widget\" data-e-type=\"widget\" data-settings=\"{&quot;_animation&quot;:&quot;fadeInLeft&quot;}\" data-widget_type=\"text-editor.default\">\n\t\t\t\t<div class=\"elementor-widget-container\">\n\t\t\t\t\t\t\t\t\t<p><span style=\"color: #000000;\">Ao longo de mais de uma d\u00e9cada a proporcionar Experi\u00eancias Exclusivas no Vale do Douro, com foco na sua hist\u00f3ria, cultura, paisagem, vinhos e gastronomia, decidimos dar os primeiros passos na Hospitalidade do Vale do Douro: A Casa do Arco Guest Villa by Douro Exclusive.<\/span><\/p>\n<p><span style=\"color: #000000;\">Mantendo por v\u00e1rios anos o 1\u00ba lugar no site TripAdvisor para Comida &amp; Bebida com base em mais de 1400 excelentes avalia\u00e7\u00f5es, queremos tamb\u00e9m lev\u00e1-lo agora \u00e0s melhores experi\u00eancias do Vale do Douro: A Experi\u00eancia\u00a0D&#8217;Ouro e a Experi\u00eancia Ra\u00edzes do Douro.\u00a0<\/span><\/p>\n\t\t\t\t\t\t\t\t<\/div>\n\t\t\t\t<\/div>\n\t\t\t\t\t<\/div>\n\t\t<\/div>\n\t\t\t\t<div class=\"elementor-column elementor-col-50 elementor-inner-column elementor-element elementor-element-6af03e2f\" data-id=\"6af03e2f\" data-element_type=\"column\" data-e-type=\"column\">\n\t\t\t<div class=\"elementor-widget-wrap elementor-element-populated\">\n\t\t\t\t\t\t<div class=\"elementor-element elementor-element-be5f63a lazy-figure elementor-widget__width-inherit elementor-widget elementor-widget-image\" data-id=\"be5f63a\" data-element_type=\"widget\" data-e-type=\"widget\" data-settings=\"{&quot;motion_fx_motion_fx_scrolling&quot;:&quot;yes&quot;,&quot;motion_fx_range&quot;:&quot;viewport&quot;,&quot;motion_fx_devices&quot;:[&quot;desktop&quot;,&quot;tablet&quot;,&quot;mobile&quot;]}\" data-widget_type=\"image.default\">\n\t\t\t\t<div class=\"elementor-widget-container\">\n\t\t\t\t\t\t\t\t\t\t\t\t\t\t\t<img decoding=\"async\" width=\"1080\" height=\"943\" src=\"https:\/\/douroexclusive.com\/wp-content\/uploads\/2020\/07\/douro-exclusive-02.jpg\" class=\"attachment-full size-full wp-image-158\" alt=\"\" srcset=\"https:\/\/douroexclusive.com\/wp-content\/uploads\/2020\/07\/douro-exclusive-02.jpg 1080w, https:\/\/douroexclusive.com\/wp-content\/uploads\/2020\/07\/douro-exclusive-02-300x262.jpg 300w, https:\/\/douroexclusive.com\/wp-content\/uploads\/2020\/07\/douro-exclusive-02-450x393.jpg 450w, https:\/\/douroexclusive.com\/wp-content\/uploads\/2020\/07\/douro-exclusive-02-1024x894.jpg 1024w, https:\/\/douroexclusive.com\/wp-content\/uploads\/2020\/07\/douro-exclusive-02-768x671.jpg 768w\" sizes=\"(max-width: 1080px) 100vw, 1080px\" \/>\t\t\t\t\t\t\t\t\t\t\t\t\t\t\t<\/div>\n\t\t\t\t<\/div>\n\t\t\t\t\t<\/div>\n\t\t<\/div>\n\t\t\t\t\t<\/div>\n\t\t<\/section>\n\t\t\t\t\t<\/div>\n\t\t<\/div>\n\t\t\t\t\t<\/div>\n\t\t<\/section>\n\t\t\t\t<\/div>\n\t\t","protected":false},"excerpt":{"rendered":"<p>A Douro Exclusive foi fundada no in\u00edcio de 2012 ap\u00f3s um estudo cuidadoso e uma profunda preocupa\u00e7\u00e3o com os servi\u00e7os tur\u00edsticos na Regi\u00e3o do Alto Douro Vinhateiro. Percebendo a enorme curiosidade e interesse que os visitantes demonstravam pelo Vale do Douro, aproveitamos para criar as mais belas Experi\u00eancias v\u00ednicas para descobrir o &#8220;nosso&#8221; Vale do &hellip; <\/p>\n<p class=\"link-more\"><a href=\"https:\/\/douroexclusive.com\/pt-pt\/historia\/\" class=\"more-link\">Continue reading<span class=\"screen-reader-text\"> &#8220;Hist\u00f3ria&#8221;<\/span><\/a><\/p>\n","protected":false},"author":1,"featured_media":0,"parent":0,"menu_order":0,"comment_status":"closed","ping_status":"closed","template":"elementor_header_footer","meta":{"footnotes":""},"class_list":["post-694","page","type-page","status-publish","hentry","entry"],"_links":{"self":[{"href":"https:\/\/douroexclusive.com\/pt-pt\/wp-json\/wp\/v2\/pages\/694","targetHints":{"allow":["GET"]}}],"collection":[{"href":"https:\/\/douroexclusive.com\/pt-pt\/wp-json\/wp\/v2\/pages"}],"about":[{"href":"https:\/\/douroexclusive.com\/pt-pt\/wp-json\/wp\/v2\/types\/page"}],"author":[{"embeddable":true,"href":"https:\/\/douroexclusive.com\/pt-pt\/wp-json\/wp\/v2\/users\/1"}],"replies":[{"embeddable":true,"href":"https:\/\/douroexclusive.com\/pt-pt\/wp-json\/wp\/v2\/comments?post=694"}],"version-history":[{"count":19,"href":"https:\/\/douroexclusive.com\/pt-pt\/wp-json\/wp\/v2\/pages\/694\/revisions"}],"predecessor-version":[{"id":2779,"href":"https:\/\/douroexclusive.com\/pt-pt\/wp-json\/wp\/v2\/pages\/694\/revisions\/2779"}],"wp:attachment":[{"href":"https:\/\/douroexclusive.com\/pt-pt\/wp-json\/wp\/v2\/media?parent=694"}],"curies":[{"name":"wp","href":"https:\/\/api.w.org\/{rel}","templated":true}]}}