{"id":2501,"date":"2021-06-22T10:59:42","date_gmt":"2021-06-22T09:59:42","guid":{"rendered":"https:\/\/miligram10.miligram.pt\/politica-de-privacidade\/"},"modified":"2021-06-22T10:59:43","modified_gmt":"2021-06-22T09:59:43","slug":"politica-de-privacidade","status":"publish","type":"page","link":"https:\/\/douroexclusive.com\/pt-pt\/politica-de-privacidade\/","title":{"rendered":"Pol\u00edtica de privacidade"},"content":{"rendered":"\t\t<div data-elementor-type=\"wp-page\" data-elementor-id=\"2501\" class=\"elementor elementor-2501 elementor-3\" data-elementor-post-type=\"page\">\n\t\t\t\t\t\t<section class=\"elementor-section elementor-top-section elementor-element elementor-element-2b41f0bd elementor-section-full_width elementor-section-height-default elementor-section-height-default\" data-id=\"2b41f0bd\" data-element_type=\"section\" data-e-type=\"section\">\n\t\t\t\t\t\t<div class=\"elementor-container elementor-column-gap-no\">\n\t\t\t\t\t<div class=\"elementor-column elementor-col-100 elementor-top-column elementor-element elementor-element-220a440b\" data-id=\"220a440b\" data-element_type=\"column\" data-e-type=\"column\">\n\t\t\t<div class=\"elementor-widget-wrap elementor-element-populated\">\n\t\t\t\t\t\t\t<\/div>\n\t\t<\/div>\n\t\t\t\t\t<\/div>\n\t\t<\/section>\n\t\t\t\t<section class=\"elementor-section elementor-top-section elementor-element elementor-element-6591ad30 elementor-section-full_width elementor-section-height-default elementor-section-height-default\" data-id=\"6591ad30\" data-element_type=\"section\" data-e-type=\"section\">\n\t\t\t\t\t\t<div class=\"elementor-container elementor-column-gap-no\">\n\t\t\t\t\t<div class=\"elementor-column elementor-col-100 elementor-top-column elementor-element elementor-element-21651708\" data-id=\"21651708\" data-element_type=\"column\" data-e-type=\"column\">\n\t\t\t<div class=\"elementor-widget-wrap elementor-element-populated\">\n\t\t\t\t\t\t<section class=\"elementor-section elementor-inner-section elementor-element elementor-element-2ca45f0e elementor-section-boxed elementor-section-height-default elementor-section-height-default\" data-id=\"2ca45f0e\" data-element_type=\"section\" data-e-type=\"section\">\n\t\t\t\t\t\t<div class=\"elementor-container elementor-column-gap-no\">\n\t\t\t\t\t<div class=\"elementor-column elementor-col-100 elementor-inner-column elementor-element elementor-element-ddd466c\" data-id=\"ddd466c\" data-element_type=\"column\" data-e-type=\"column\">\n\t\t\t<div class=\"elementor-widget-wrap elementor-element-populated\">\n\t\t\t\t\t\t<div class=\"elementor-element elementor-element-49c41e11 elementor-widget elementor-widget-text-editor\" data-id=\"49c41e11\" data-element_type=\"widget\" data-e-type=\"widget\" data-widget_type=\"text-editor.default\">\n\t\t\t\t<div class=\"elementor-widget-container\">\n\t\t\t\t\t\t\t\t\t<p>Se fizer o seu registo ou fornecer suas informa\u00e7\u00f5es pessoais atrav\u00e9s do Site, \u00e9 necess\u00e1rio garantir que as informa\u00e7\u00f5es fornecidas estejam corretas e completas. O usu\u00e1rio compromete-se a notificar imediatamente quaisquer altera\u00e7\u00f5es necess\u00e1rias \u00e0s informa\u00e7\u00f5es fornecidas no momento do registro. A Douro Excusive garante a total confidencialidade dos dados pessoais fornecidos atrav\u00e9s de servidor seguro e ao abrigo da legisla\u00e7\u00e3o em vigor.<\/p>\n<p><strong> Seguran\u00e7a <\/strong><\/p>\n<p>Para garantir a seguran\u00e7a do seu dados e m\u00e1xima confidencialidade, tratamos as informa\u00e7\u00f5es que nos passou de forma absolutamente confidencial de acordo com as nossas pol\u00edticas e procedimentos de seguran\u00e7a e confidencialidade.<\/p>\n<p><strong> Cookies <\/strong><\/p>\n<p>Quando voc\u00ea visita nosso site, um pequeno arquivo de texto (Cookie) \u00e9 criado e salvo em seu disco. Este arquivo, para reconhec\u00ea-lo, permitir\u00e1 que voc\u00ea tenha acesso mais f\u00e1cil e r\u00e1pido, e personaliza\u00e7\u00e3o da p\u00e1gina em sua experi\u00eancia online.<\/p>\n<p>Tamb\u00e9m identificamos informa\u00e7\u00f5es t\u00e9cnicas de seu computador quando voc\u00ea visita p\u00e1ginas em nosso site, tais como como IP (Internet Protocol), o sistema operacional, o tipo de navegador. Usamos essas informa\u00e7\u00f5es para melhorar a qualidade da sua visita ao nosso site, e n\u00e3o divulg\u00e1-la a entidades externas.<\/p>\n<p>A maioria dos navegadores aceita automaticamente esses arquivos (cookies), mas voc\u00ea pode exclu\u00ed-los ou definir o seu bloqueio automaticamente . No menu &#8220;Ajuda&#8221; do seu navegador, como encontrar essas configura\u00e7\u00f5es. No entanto, se voc\u00ea n\u00e3o permitir o uso de cookies, podem haver alguns recursos que voc\u00ea n\u00e3o pode usar.<\/p>\n<p><strong> Informa\u00e7\u00f5es pessoais <\/strong><\/p>\n<p>Existem v\u00e1rias circunst\u00e2ncias nas quais n\u00f3s pe\u00e7a seus dados pessoais. Todas as suas informa\u00e7\u00f5es pessoais ser\u00e3o utilizadas exclusivamente para sua comodidade no tratamento do seu contato, para informa\u00e7\u00f5es de nossos produtos.<\/p>\n\t\t\t\t\t\t\t\t<\/div>\n\t\t\t\t<\/div>\n\t\t\t\t\t<\/div>\n\t\t<\/div>\n\t\t\t\t\t<\/div>\n\t\t<\/section>\n\t\t\t\t\t<\/div>\n\t\t<\/div>\n\t\t\t\t\t<\/div>\n\t\t<\/section>\n\t\t\t\t<\/div>\n\t\t","protected":false},"excerpt":{"rendered":"<p>Se fizer o seu registo ou fornecer suas informa\u00e7\u00f5es pessoais atrav\u00e9s do Site, \u00e9 necess\u00e1rio garantir que as informa\u00e7\u00f5es fornecidas estejam corretas e completas. O usu\u00e1rio compromete-se a notificar imediatamente quaisquer altera\u00e7\u00f5es necess\u00e1rias \u00e0s informa\u00e7\u00f5es fornecidas no momento do registro. A Douro Excusive garante a total confidencialidade dos dados pessoais fornecidos atrav\u00e9s de servidor seguro &hellip; <\/p>\n<p class=\"link-more\"><a href=\"https:\/\/douroexclusive.com\/pt-pt\/politica-de-privacidade\/\" class=\"more-link\">Continue reading<span class=\"screen-reader-text\"> &#8220;Pol\u00edtica de privacidade&#8221;<\/span><\/a><\/p>\n","protected":false},"author":1,"featured_media":0,"parent":0,"menu_order":0,"comment_status":"closed","ping_status":"closed","template":"elementor_header_footer","meta":{"footnotes":""},"class_list":["post-2501","page","type-page","status-publish","hentry","entry"],"_links":{"self":[{"href":"https:\/\/douroexclusive.com\/pt-pt\/wp-json\/wp\/v2\/pages\/2501","targetHints":{"allow":["GET"]}}],"collection":[{"href":"https:\/\/douroexclusive.com\/pt-pt\/wp-json\/wp\/v2\/pages"}],"about":[{"href":"https:\/\/douroexclusive.com\/pt-pt\/wp-json\/wp\/v2\/types\/page"}],"author":[{"embeddable":true,"href":"https:\/\/douroexclusive.com\/pt-pt\/wp-json\/wp\/v2\/users\/1"}],"replies":[{"embeddable":true,"href":"https:\/\/douroexclusive.com\/pt-pt\/wp-json\/wp\/v2\/comments?post=2501"}],"version-history":[{"count":1,"href":"https:\/\/douroexclusive.com\/pt-pt\/wp-json\/wp\/v2\/pages\/2501\/revisions"}],"predecessor-version":[{"id":2503,"href":"https:\/\/douroexclusive.com\/pt-pt\/wp-json\/wp\/v2\/pages\/2501\/revisions\/2503"}],"wp:attachment":[{"href":"https:\/\/douroexclusive.com\/pt-pt\/wp-json\/wp\/v2\/media?parent=2501"}],"curies":[{"name":"wp","href":"https:\/\/api.w.org\/{rel}","templated":true}]}}